{"id":104,"date":"2024-04-03T00:54:14","date_gmt":"2024-04-03T00:54:14","guid":{"rendered":"https:\/\/paradisiacotravel.com.bo\/?page_id=104"},"modified":"2024-05-22T00:11:24","modified_gmt":"2024-05-22T00:11:24","slug":"bodas","status":"publish","type":"page","link":"https:\/\/paradisiacotravel.com.bo\/en\/bodas\/","title":{"rendered":"Bodas"},"content":{"rendered":"<h2 class=\"wp-block-heading\">\u00a1Da el s\u00ed frente al mar!<\/h2>\n\n\n\n<p>Imagina una ceremonia rom\u00e1ntica con el sonido de las olas de fondo, una recepci\u00f3n bajo la luz de la luna y la brisa del mar acariciando tu rostro.<\/p>\n\n\n\n<p>Las bodas en la playa son una experiencia \u00fanica e inolvidable que te permitir\u00e1 celebrar tu amor en un entorno paradis\u00edaco.<\/p>\n\n\n\n<figure class=\"wp-block-gallery has-nested-images columns-default is-cropped wp-block-gallery-1 is-layout-flex wp-block-gallery-is-layout-flex\">\n<figure class=\"wp-block-image size-large is-style-default\"><img loading=\"lazy\" decoding=\"async\" width=\"1024\" height=\"683\" data-id=\"275\" src=\"https:\/\/paradisiacotravel.com.bo\/wp-content\/uploads\/2024\/04\/seadust-cancun-beach-wedding-4_5_44495-168971456848670.jpeg\" alt=\"\" class=\"wp-image-275\" srcset=\"https:\/\/paradisiacotravel.com.bo\/wp-content\/uploads\/2024\/04\/seadust-cancun-beach-wedding-4_5_44495-168971456848670.jpeg 1024w, https:\/\/paradisiacotravel.com.bo\/wp-content\/uploads\/2024\/04\/seadust-cancun-beach-wedding-4_5_44495-168971456848670-300x200.jpeg 300w, https:\/\/paradisiacotravel.com.bo\/wp-content\/uploads\/2024\/04\/seadust-cancun-beach-wedding-4_5_44495-168971456848670-768x512.jpeg 768w\" sizes=\"auto, (max-width: 1024px) 100vw, 1024px\" \/><\/figure>\n<\/figure>\n\n\n\n<p>Te ofrecemos:<\/p>\n\n\n\n<ul class=\"wp-block-list\">\n<li>Ceremonias personalizadas<\/li>\n\n\n\n<li>Hermosos escenarios frente al mar<\/li>\n\n\n\n<li>Paquete completo en cuotas<\/li>\n\n\n\n<li>Wedding planer personal desde tu reserva<\/li>\n\n\n\n<li>Upgrade para los novios<\/li>\n<\/ul>\n\n\n\n<p>\u00a1No importa si sue\u00f1as con una boda \u00edntima o una gran celebraci\u00f3n, tenemos todo lo que necesitas para hacer de tu boda en la playa un d\u00eda perfecto!<\/p>\n\n\n\n<figure class=\"wp-block-gallery has-nested-images columns-default is-cropped wp-block-gallery-2 is-layout-flex wp-block-gallery-is-layout-flex\">\n<figure class=\"wp-block-image size-large is-style-default\"><img loading=\"lazy\" decoding=\"async\" width=\"1024\" height=\"683\" data-id=\"276\" src=\"https:\/\/paradisiacotravel.com.bo\/wp-content\/uploads\/2024\/04\/boda-playa-1024x683.jpg\" alt=\"\" class=\"wp-image-276\" srcset=\"https:\/\/paradisiacotravel.com.bo\/wp-content\/uploads\/2024\/04\/boda-playa-1024x683.jpg 1024w, https:\/\/paradisiacotravel.com.bo\/wp-content\/uploads\/2024\/04\/boda-playa-300x200.jpg 300w, https:\/\/paradisiacotravel.com.bo\/wp-content\/uploads\/2024\/04\/boda-playa-768x512.jpg 768w, https:\/\/paradisiacotravel.com.bo\/wp-content\/uploads\/2024\/04\/boda-playa.jpg 1200w\" sizes=\"auto, (max-width: 1024px) 100vw, 1024px\" \/><\/figure>\n<\/figure>\n\n\n\n<p>Cont\u00e1ctanos hoy mismo y comienza a planificar la boda de tus sue\u00f1os.<\/p>\n\n\n<style id=\"wpforms-css-vars-281-block-d796312b-ea00-452b-b783-7afa5b589bb6\">\n\t\t\t\t#wpforms-281.wpforms-block-d796312b-ea00-452b-b783-7afa5b589bb6 {\n\t\t\t\t--wpforms-button-background-color: #000000;\n--wpforms-field-size-input-height: 43px;\n--wpforms-field-size-input-spacing: 15px;\n--wpforms-field-size-font-size: 16px;\n--wpforms-field-size-line-height: 19px;\n--wpforms-field-size-padding-h: 14px;\n--wpforms-field-size-checkbox-size: 16px;\n--wpforms-field-size-sublabel-spacing: 5px;\n--wpforms-field-size-icon-size: 1;\n--wpforms-label-size-font-size: 16px;\n--wpforms-label-size-line-height: 19px;\n--wpforms-label-size-sublabel-font-size: 14px;\n--wpforms-label-size-sublabel-line-height: 17px;\n--wpforms-button-size-font-size: 17px;\n--wpforms-button-size-height: 41px;\n--wpforms-button-size-padding-h: 15px;\n--wpforms-button-size-margin-top: 10px;\n\t\t\t}\n\t\t\t<\/style><div class=\"wpforms-container wpforms-container-full contacto-form wpforms-block wpforms-block-d796312b-ea00-452b-b783-7afa5b589bb6 wpforms-render-modern\" id=\"wpforms-281\"><form id=\"wpforms-form-281\" class=\"wpforms-validate wpforms-form wpforms-ajax-form\" data-formid=\"281\" method=\"post\" enctype=\"multipart\/form-data\" action=\"\/en\/wp-json\/wp\/v2\/pages\/104\" data-token=\"3e01e769d66fd37f9c56486857a1ace5\" data-token-time=\"1777285492\" data-trp-original-action=\"\/en\/wp-json\/wp\/v2\/pages\/104\"><noscript class=\"wpforms-error-noscript\">Please enable JavaScript in your browser to complete this form.<\/noscript><div id=\"wpforms-error-noscript\" style=\"display: none;\">Please enable JavaScript in your browser to complete this form.<\/div><div class=\"wpforms-field-container\"><div id=\"wpforms-281-field_0-container\" class=\"wpforms-field wpforms-field-name\" data-field-id=\"0\"><label class=\"wpforms-field-label\" for=\"wpforms-281-field_0\">Nombre <span class=\"wpforms-required-label\" aria-hidden=\"true\">*<\/span><\/label><input type=\"text\" id=\"wpforms-281-field_0\" class=\"wpforms-field-medium wpforms-field-required\" name=\"wpforms[fields][0]\" aria-errormessage=\"wpforms-281-field_0-error\" required><\/div><div id=\"wpforms-281-field_3-container\" class=\"wpforms-field wpforms-field-number\" data-field-id=\"3\"><label class=\"wpforms-field-label\" for=\"wpforms-281-field_3\">Tel\u00e9fono <span class=\"wpforms-required-label\" aria-hidden=\"true\">*<\/span><\/label><input type=\"number\" id=\"wpforms-281-field_3\" class=\"wpforms-field-medium wpforms-field-required\" name=\"wpforms[fields][3]\" step=\"any\" aria-errormessage=\"wpforms-281-field_3-error\" aria-describedby=\"wpforms-281-field_3-description\" required><div id=\"wpforms-281-field_3-description\" class=\"wpforms-field-description\">\t<\/div><\/div><div id=\"wpforms-281-field_1-container\" class=\"wpforms-field wpforms-field-email\" data-field-id=\"1\"><label class=\"wpforms-field-label\" for=\"wpforms-281-field_1\">Correo electr\u00f3nico <span class=\"wpforms-required-label\" aria-hidden=\"true\">*<\/span><\/label><input type=\"email\" id=\"wpforms-281-field_1\" class=\"wpforms-field-medium wpforms-field-required\" name=\"wpforms[fields][1]\" spellcheck=\"false\" aria-errormessage=\"wpforms-281-field_1-error\" required><\/div><div id=\"wpforms-281-field_2-container\" class=\"wpforms-field wpforms-field-textarea\" data-field-id=\"2\"><label class=\"wpforms-field-label\" for=\"wpforms-281-field_2\">Comentario o mensaje<\/label><textarea id=\"wpforms-281-field_2\" class=\"wpforms-field-medium\" name=\"wpforms[fields][2]\" aria-errormessage=\"wpforms-281-field_2-error\" ><\/textarea><\/div><\/div><!-- .wpforms-field-container --><div class=\"wpforms-submit-container\" ><input type=\"hidden\" name=\"wpforms[id]\" value=\"281\"><input type=\"hidden\" name=\"page_title\" value=\"\"><input type=\"hidden\" name=\"page_url\" value=\"https:\/\/paradisiacotravel.com.bo\/en\/wp-json\/wp\/v2\/pages\/104\"><input type=\"hidden\" name=\"url_referer\" value=\"\"><button type=\"submit\" name=\"wpforms[submit]\" id=\"wpforms-submit-281\" class=\"wpforms-submit\" data-alt-text=\"Enviando...\" data-submit-text=\"Enviar\" aria-live=\"assertive\" value=\"wpforms-submit\">Enviar<\/button><img loading=\"lazy\" decoding=\"async\" src=\"https:\/\/paradisiacotravel.com.bo\/wp-content\/plugins\/wpforms-lite\/assets\/images\/submit-spin.svg\" class=\"wpforms-submit-spinner\" style=\"display: none;\" width=\"26\" height=\"26\" alt=\"Loading\"><\/div><input type=\"hidden\" name=\"trp-form-language\" value=\"en\"\/><\/form><\/div>  <!-- .wpforms-container -->","protected":false},"excerpt":{"rendered":"<p>\u00a1Da el s\u00ed frente al mar! Imagina una ceremonia rom\u00e1ntica con el sonido de las olas de fondo, una recepci\u00f3n bajo la luz de la luna y la brisa del mar acariciando tu rostro. Las bodas en la playa son una experiencia \u00fanica e inolvidable que te permitir\u00e1 celebrar tu amor en un entorno paradis\u00edaco. [&hellip;]<\/p>","protected":false},"author":1,"featured_media":0,"parent":0,"menu_order":0,"comment_status":"closed","ping_status":"closed","template":"","meta":{"_acf_changed":false,"footnotes":""},"class_list":["post-104","page","type-page","status-publish","hentry"],"acf":[],"_links":{"self":[{"href":"https:\/\/paradisiacotravel.com.bo\/en\/wp-json\/wp\/v2\/pages\/104","targetHints":{"allow":["GET"]}}],"collection":[{"href":"https:\/\/paradisiacotravel.com.bo\/en\/wp-json\/wp\/v2\/pages"}],"about":[{"href":"https:\/\/paradisiacotravel.com.bo\/en\/wp-json\/wp\/v2\/types\/page"}],"author":[{"embeddable":true,"href":"https:\/\/paradisiacotravel.com.bo\/en\/wp-json\/wp\/v2\/users\/1"}],"replies":[{"embeddable":true,"href":"https:\/\/paradisiacotravel.com.bo\/en\/wp-json\/wp\/v2\/comments?post=104"}],"version-history":[{"count":6,"href":"https:\/\/paradisiacotravel.com.bo\/en\/wp-json\/wp\/v2\/pages\/104\/revisions"}],"predecessor-version":[{"id":338,"href":"https:\/\/paradisiacotravel.com.bo\/en\/wp-json\/wp\/v2\/pages\/104\/revisions\/338"}],"wp:attachment":[{"href":"https:\/\/paradisiacotravel.com.bo\/en\/wp-json\/wp\/v2\/media?parent=104"}],"curies":[{"name":"wp","href":"https:\/\/api.w.org\/{rel}","templated":true}]}}