{"id":329,"date":"2024-05-21T21:13:46","date_gmt":"2024-05-21T21:13:46","guid":{"rendered":"https:\/\/paradisiacotravel.com.bo\/?page_id=329"},"modified":"2024-05-22T00:09:24","modified_gmt":"2024-05-22T00:09:24","slug":"viajes-de-promo","status":"publish","type":"page","link":"https:\/\/paradisiacotravel.com.bo\/en\/viajes-de-promo\/","title":{"rendered":"Viajes de Promo"},"content":{"rendered":"<p><strong>\u00bfEst\u00e1s a punto de graduarte?<\/strong> \u00bfTe gustar\u00eda celebrar este gran logro con una <strong>experiencia inolvidable<\/strong> junto a tus compa\u00f1eros?<\/p>\n\n\n\n<p><strong>\u00bfQu\u00e9 te espera en este viaje \u00e9pico?<\/strong><\/p>\n\n\n\n<ul class=\"wp-block-list\">\n<li><strong>Destinos emocionantes:<\/strong> Playa, monta\u00f1a, ciudad&#8230; \u00a1T\u00fa eliges! Tenemos opciones para todos los gustos.<\/li>\n\n\n\n<li><strong>Actividades para todos:<\/strong> Aventura, deportes, cultura, relax&#8230; \u00a1Lo que sea que te guste!<\/li>\n\n\n\n<li><strong>Fiestas inolvidables:<\/strong> Baila toda la noche, haz nuevos amigos y vive momentos \u00fanicos.<\/li>\n\n\n\n<li><strong>La mejor compa\u00f1\u00eda:<\/strong> Tus compa\u00f1eros de clase, con los que has compartido risas, l\u00e1grimas y aprendizajes durante tantos a\u00f1os.<\/li>\n<\/ul>\n\n\n\n<figure class=\"wp-block-image size-large\"><img loading=\"lazy\" decoding=\"async\" width=\"1024\" height=\"508\" src=\"https:\/\/paradisiacotravel.com.bo\/wp-content\/uploads\/2024\/04\/cancun-con-buenas-vibras-1-1024x508.png\" alt=\"\" class=\"wp-image-272\" srcset=\"https:\/\/paradisiacotravel.com.bo\/wp-content\/uploads\/2024\/04\/cancun-con-buenas-vibras-1-1024x508.png 1024w, https:\/\/paradisiacotravel.com.bo\/wp-content\/uploads\/2024\/04\/cancun-con-buenas-vibras-1-300x149.png 300w, https:\/\/paradisiacotravel.com.bo\/wp-content\/uploads\/2024\/04\/cancun-con-buenas-vibras-1-768x381.png 768w, https:\/\/paradisiacotravel.com.bo\/wp-content\/uploads\/2024\/04\/cancun-con-buenas-vibras-1.png 1080w\" sizes=\"auto, (max-width: 1024px) 100vw, 1024px\" \/><\/figure>\n\n\n\n<ul class=\"wp-block-list\">\n<li><strong>Somos expertos en viajes de estudiantes:<\/strong> Llevamos a\u00f1os organizando viajes de promoci\u00f3n exitosos y sabemos c\u00f3mo hacer que tu experiencia sea inolvidable.<\/li>\n\n\n\n<li><strong>Nos preocupamos por tu seguridad:<\/strong> Contamos con un equipo de profesionales cualificados que velar\u00e1n por tu bienestar durante todo el viaje.<\/li>\n\n\n\n<li><strong>Te ofrecemos los mejores precios:<\/strong> Tenemos una amplia variedad de opciones para que encuentres el viaje que mejor se adapte a tu presupuesto.<\/li>\n\n\n\n<li><strong>Te garantizamos un viaje sin estr\u00e9s:<\/strong> Nos encargamos de todo, desde la organizaci\u00f3n del viaje hasta el alojamiento y las actividades. \u00a1T\u00fa solo tienes que preocuparte por disfrutar!<\/li>\n<\/ul>\n\n\n\n<figure class=\"wp-block-image size-large\"><img loading=\"lazy\" decoding=\"async\" width=\"1024\" height=\"348\" src=\"https:\/\/paradisiacotravel.com.bo\/wp-content\/uploads\/2024\/04\/Grupo-Xcaret-Sem-Sta-1024x348.jpg\" alt=\"\" class=\"wp-image-273\" srcset=\"https:\/\/paradisiacotravel.com.bo\/wp-content\/uploads\/2024\/04\/Grupo-Xcaret-Sem-Sta-1024x348.jpg 1024w, https:\/\/paradisiacotravel.com.bo\/wp-content\/uploads\/2024\/04\/Grupo-Xcaret-Sem-Sta-300x102.jpg 300w, https:\/\/paradisiacotravel.com.bo\/wp-content\/uploads\/2024\/04\/Grupo-Xcaret-Sem-Sta-768x261.jpg 768w, https:\/\/paradisiacotravel.com.bo\/wp-content\/uploads\/2024\/04\/Grupo-Xcaret-Sem-Sta.jpg 1290w\" sizes=\"auto, (max-width: 1024px) 100vw, 1024px\" \/><\/figure>\n\n\n\n<p><strong>No te pierdas esta oportunidad \u00fanica de vivir una aventura extraordinaria junto a tus mejores amigos.<\/strong> \u00a1<strong>Solicita tu presupuesto<\/strong> y empieza a planear el viaje de tus sue\u00f1os!<\/p>\n\n\n<style id=\"wpforms-css-vars-281-block-d796312b-ea00-452b-b783-7afa5b589bb6\">\n\t\t\t\t#wpforms-281.wpforms-block-d796312b-ea00-452b-b783-7afa5b589bb6 {\n\t\t\t\t--wpforms-button-background-color: #000000;\n--wpforms-field-size-input-height: 43px;\n--wpforms-field-size-input-spacing: 15px;\n--wpforms-field-size-font-size: 16px;\n--wpforms-field-size-line-height: 19px;\n--wpforms-field-size-padding-h: 14px;\n--wpforms-field-size-checkbox-size: 16px;\n--wpforms-field-size-sublabel-spacing: 5px;\n--wpforms-field-size-icon-size: 1;\n--wpforms-label-size-font-size: 16px;\n--wpforms-label-size-line-height: 19px;\n--wpforms-label-size-sublabel-font-size: 14px;\n--wpforms-label-size-sublabel-line-height: 17px;\n--wpforms-button-size-font-size: 17px;\n--wpforms-button-size-height: 41px;\n--wpforms-button-size-padding-h: 15px;\n--wpforms-button-size-margin-top: 10px;\n\t\t\t}\n\t\t\t<\/style><div class=\"wpforms-container wpforms-container-full contacto-form wpforms-block wpforms-block-d796312b-ea00-452b-b783-7afa5b589bb6 wpforms-render-modern\" id=\"wpforms-281\"><form id=\"wpforms-form-281\" class=\"wpforms-validate wpforms-form wpforms-ajax-form\" data-formid=\"281\" method=\"post\" enctype=\"multipart\/form-data\" action=\"\/en\/wp-json\/wp\/v2\/pages\/329\" data-token=\"26b410c0fb877a9d449ac86cf44a143a\" data-token-time=\"1776999527\" data-trp-original-action=\"\/en\/wp-json\/wp\/v2\/pages\/329\"><noscript class=\"wpforms-error-noscript\">Please enable JavaScript in your browser to complete this form.<\/noscript><div id=\"wpforms-error-noscript\" style=\"display: none;\">Please enable JavaScript in your browser to complete this form.<\/div><div class=\"wpforms-field-container\"><div id=\"wpforms-281-field_0-container\" class=\"wpforms-field wpforms-field-name\" data-field-id=\"0\"><label class=\"wpforms-field-label\" for=\"wpforms-281-field_0\">Nombre <span class=\"wpforms-required-label\" aria-hidden=\"true\">*<\/span><\/label><input type=\"text\" id=\"wpforms-281-field_0\" class=\"wpforms-field-medium wpforms-field-required\" name=\"wpforms[fields][0]\" aria-errormessage=\"wpforms-281-field_0-error\" required><\/div><div id=\"wpforms-281-field_3-container\" class=\"wpforms-field wpforms-field-number\" data-field-id=\"3\"><label class=\"wpforms-field-label\" for=\"wpforms-281-field_3\">Tel\u00e9fono <span class=\"wpforms-required-label\" aria-hidden=\"true\">*<\/span><\/label><input type=\"number\" id=\"wpforms-281-field_3\" class=\"wpforms-field-medium wpforms-field-required\" name=\"wpforms[fields][3]\" step=\"any\" aria-errormessage=\"wpforms-281-field_3-error\" aria-describedby=\"wpforms-281-field_3-description\" required><div id=\"wpforms-281-field_3-description\" class=\"wpforms-field-description\">\t<\/div><\/div><div id=\"wpforms-281-field_1-container\" class=\"wpforms-field wpforms-field-email\" data-field-id=\"1\"><label class=\"wpforms-field-label\" for=\"wpforms-281-field_1\">Correo electr\u00f3nico <span class=\"wpforms-required-label\" aria-hidden=\"true\">*<\/span><\/label><input type=\"email\" id=\"wpforms-281-field_1\" class=\"wpforms-field-medium wpforms-field-required\" name=\"wpforms[fields][1]\" spellcheck=\"false\" aria-errormessage=\"wpforms-281-field_1-error\" required><\/div><div id=\"wpforms-281-field_2-container\" class=\"wpforms-field wpforms-field-textarea\" data-field-id=\"2\"><label class=\"wpforms-field-label\" for=\"wpforms-281-field_2\">Comentario o mensaje<\/label><textarea id=\"wpforms-281-field_2\" class=\"wpforms-field-medium\" name=\"wpforms[fields][2]\" aria-errormessage=\"wpforms-281-field_2-error\" ><\/textarea><\/div><\/div><!-- .wpforms-field-container --><div class=\"wpforms-submit-container\" ><input type=\"hidden\" name=\"wpforms[id]\" value=\"281\"><input type=\"hidden\" name=\"page_title\" value=\"\"><input type=\"hidden\" name=\"page_url\" value=\"https:\/\/paradisiacotravel.com.bo\/en\/wp-json\/wp\/v2\/pages\/329\"><input type=\"hidden\" name=\"url_referer\" value=\"\"><button type=\"submit\" name=\"wpforms[submit]\" id=\"wpforms-submit-281\" class=\"wpforms-submit\" data-alt-text=\"Enviando...\" data-submit-text=\"Enviar\" aria-live=\"assertive\" value=\"wpforms-submit\">Enviar<\/button><img loading=\"lazy\" decoding=\"async\" src=\"https:\/\/paradisiacotravel.com.bo\/wp-content\/plugins\/wpforms-lite\/assets\/images\/submit-spin.svg\" class=\"wpforms-submit-spinner\" style=\"display: none;\" width=\"26\" height=\"26\" alt=\"Loading\"><\/div><input type=\"hidden\" name=\"trp-form-language\" value=\"en\"\/><\/form><\/div>  <!-- .wpforms-container -->","protected":false},"excerpt":{"rendered":"<p>\u00bfEst\u00e1s a punto de graduarte? \u00bfTe gustar\u00eda celebrar este gran logro con una experiencia inolvidable junto a tus compa\u00f1eros? \u00bfQu\u00e9 te espera en este viaje \u00e9pico? No te pierdas esta oportunidad \u00fanica de vivir una aventura extraordinaria junto a tus mejores amigos. \u00a1Solicita tu presupuesto y empieza a planear el viaje de tus sue\u00f1os!<\/p>","protected":false},"author":1,"featured_media":272,"parent":0,"menu_order":0,"comment_status":"closed","ping_status":"closed","template":"","meta":{"_acf_changed":false,"footnotes":""},"class_list":["post-329","page","type-page","status-publish","has-post-thumbnail","hentry"],"acf":[],"_links":{"self":[{"href":"https:\/\/paradisiacotravel.com.bo\/en\/wp-json\/wp\/v2\/pages\/329","targetHints":{"allow":["GET"]}}],"collection":[{"href":"https:\/\/paradisiacotravel.com.bo\/en\/wp-json\/wp\/v2\/pages"}],"about":[{"href":"https:\/\/paradisiacotravel.com.bo\/en\/wp-json\/wp\/v2\/types\/page"}],"author":[{"embeddable":true,"href":"https:\/\/paradisiacotravel.com.bo\/en\/wp-json\/wp\/v2\/users\/1"}],"replies":[{"embeddable":true,"href":"https:\/\/paradisiacotravel.com.bo\/en\/wp-json\/wp\/v2\/comments?post=329"}],"version-history":[{"count":2,"href":"https:\/\/paradisiacotravel.com.bo\/en\/wp-json\/wp\/v2\/pages\/329\/revisions"}],"predecessor-version":[{"id":337,"href":"https:\/\/paradisiacotravel.com.bo\/en\/wp-json\/wp\/v2\/pages\/329\/revisions\/337"}],"wp:featuredmedia":[{"embeddable":true,"href":"https:\/\/paradisiacotravel.com.bo\/en\/wp-json\/wp\/v2\/media\/272"}],"wp:attachment":[{"href":"https:\/\/paradisiacotravel.com.bo\/en\/wp-json\/wp\/v2\/media?parent=329"}],"curies":[{"name":"wp","href":"https:\/\/api.w.org\/{rel}","templated":true}]}}